{"id":2912,"date":"2024-05-09T18:39:59","date_gmt":"2024-05-09T18:39:59","guid":{"rendered":"https:\/\/normacarreno.com\/?page_id=2912"},"modified":"2024-05-09T18:44:02","modified_gmt":"2024-05-09T18:44:02","slug":"bienvenido","status":"publish","type":"page","link":"https:\/\/normacarreno.com\/?page_id=2912","title":{"rendered":"Bienvenido"},"content":{"rendered":"<div style=\"width: 720px;\" class=\"wp-video\"><video class=\"wp-video-shortcode\" id=\"video-2912-1\" width=\"720\" height=\"480\" preload=\"metadata\" controls=\"controls\"><source type=\"video\/mp4\" src=\"https:\/\/normacarreno.com\/wp-content\/uploads\/2024\/05\/ArteParatodosW.mp4?_=1\" \/><a href=\"https:\/\/normacarreno.com\/wp-content\/uploads\/2024\/05\/ArteParatodosW.mp4\">https:\/\/normacarreno.com\/wp-content\/uploads\/2024\/05\/ArteParatodosW.mp4<\/a><\/video><\/div>\n<p><strong>Bienvenido a Esta P\u00e1gina.<\/strong><\/p>\n<p>Aqu\u00ed podr\u00e1s conocer un poco de mi trabajo como artista aut\u00f3noma, en esta p\u00e1gina te estoy mostrando mi trabajo y si te interesa alguno de ellos me encantar\u00eda que los tuvieras contigo.<\/p>\n<p>Puedo hacer trabajos personalizados dependiendo tus necesidades y gusto, me pongo a tus \u00f3rdenes en la siguiente direcci\u00f3n: norma@normacarre\u00f1o.com<\/p>\n<p><img loading=\"lazy\" decoding=\"async\" src=\"https:\/\/normacarreno.com\/wp-content\/uploads\/2021\/04\/IMG_20210409_190052-1024x731.jpg\" alt=\"\" width=\"1024\" height=\"731\" class=\"aligncenter size-large wp-image-2717\" srcset=\"https:\/\/normacarreno.com\/wp-content\/uploads\/2021\/04\/IMG_20210409_190052-1024x731.jpg 1024w, https:\/\/normacarreno.com\/wp-content\/uploads\/2021\/04\/IMG_20210409_190052-300x214.jpg 300w, https:\/\/normacarreno.com\/wp-content\/uploads\/2021\/04\/IMG_20210409_190052-768x548.jpg 768w, https:\/\/normacarreno.com\/wp-content\/uploads\/2021\/04\/IMG_20210409_190052-1536x1097.jpg 1536w, https:\/\/normacarreno.com\/wp-content\/uploads\/2021\/04\/IMG_20210409_190052-2048x1462.jpg 2048w, https:\/\/normacarreno.com\/wp-content\/uploads\/2021\/04\/IMG_20210409_190052-24x17.jpg 24w, https:\/\/normacarreno.com\/wp-content\/uploads\/2021\/04\/IMG_20210409_190052-36x26.jpg 36w, https:\/\/normacarreno.com\/wp-content\/uploads\/2021\/04\/IMG_20210409_190052-48x34.jpg 48w, https:\/\/normacarreno.com\/wp-content\/uploads\/2021\/04\/IMG_20210409_190052-600x428.jpg 600w\" sizes=\"auto, (max-width: 1024px) 100vw, 1024px\" \/><\/p>\n<p><strong>Let\u00b4s\u00a0Learn\u00a0English<\/strong><\/p>\n<div style=\"width: 720px;\" class=\"wp-video\"><video class=\"wp-video-shortcode\" id=\"video-2912-2\" width=\"720\" height=\"480\" preload=\"metadata\" controls=\"controls\"><source type=\"video\/mp4\" src=\"https:\/\/normacarreno.com\/wp-content\/uploads\/2024\/05\/EnjpyLearningEnglishW.mp4?_=2\" \/><a href=\"https:\/\/normacarreno.com\/wp-content\/uploads\/2024\/05\/EnjpyLearningEnglishW.mp4\">https:\/\/normacarreno.com\/wp-content\/uploads\/2024\/05\/EnjpyLearningEnglishW.mp4<\/a><\/video><\/div>\n<p>Si tienes un ni\u00f1o o ni\u00f1a entre 10 y 15 a\u00f1os y quiere aprender ingl\u00e9s, visita mi p\u00e1gina para m\u00e1s informaci\u00f3n. (Las clases son en Mexicali, B.C.)<\/p>\n<p><a href=\"https:\/\/www.normangelica.com\/\">Enjoy Learning English<\/a><\/p>\n<p><strong>De Todo un Poco<\/strong><\/p>\n<div style=\"width: 720px;\" class=\"wp-video\"><video class=\"wp-video-shortcode\" id=\"video-2912-3\" width=\"720\" height=\"480\" preload=\"metadata\" controls=\"controls\"><source type=\"video\/mp4\" src=\"https:\/\/normacarreno.com\/wp-content\/uploads\/2024\/05\/DeTodoUnPocoW.mp4?_=3\" \/><a href=\"https:\/\/normacarreno.com\/wp-content\/uploads\/2024\/05\/DeTodoUnPocoW.mp4\">https:\/\/normacarreno.com\/wp-content\/uploads\/2024\/05\/DeTodoUnPocoW.mp4<\/a><\/video><\/div>\n<p>Siempre he pensado que aprender cosas nuevas todos los d\u00edas es muy importante para nuestro desarrollo personal y el compartir lo aprendido es una de las satisfacciones m\u00e1s bonitas que existen.<\/p>\n<p><a href=\"https:\/\/www.normangelica.com\/blog\/\">De Todo un Poco<\/a><\/p>\n<p><strong>Norma Carre\u00f1o<\/strong><\/p>\n","protected":false},"excerpt":{"rendered":"<p>Bienvenido a Esta P\u00e1gina. Aqu\u00ed podr\u00e1s conocer un poco de mi trabajo como artista aut\u00f3noma, en esta p\u00e1gina te estoy mostrando mi trabajo y si te interesa alguno de ellos me encantar\u00eda que los tuvieras contigo. Puedo hacer trabajos personalizados dependiendo tus necesidades y gusto, me pongo a tus \u00f3rdenes en la siguiente direcci\u00f3n: norma@normacarre\u00f1o.com &#8230; <a title=\"Bienvenido\" class=\"read-more\" href=\"https:\/\/normacarreno.com\/?page_id=2912\" aria-label=\"Read more about Bienvenido\">Read more<\/a><\/p>\n","protected":false},"author":2,"featured_media":0,"parent":0,"menu_order":-1,"comment_status":"closed","ping_status":"closed","template":"","meta":{"footnotes":""},"class_list":["post-2912","page","type-page","status-publish"],"_links":{"self":[{"href":"https:\/\/normacarreno.com\/index.php?rest_route=\/wp\/v2\/pages\/2912","targetHints":{"allow":["GET"]}}],"collection":[{"href":"https:\/\/normacarreno.com\/index.php?rest_route=\/wp\/v2\/pages"}],"about":[{"href":"https:\/\/normacarreno.com\/index.php?rest_route=\/wp\/v2\/types\/page"}],"author":[{"embeddable":true,"href":"https:\/\/normacarreno.com\/index.php?rest_route=\/wp\/v2\/users\/2"}],"replies":[{"embeddable":true,"href":"https:\/\/normacarreno.com\/index.php?rest_route=%2Fwp%2Fv2%2Fcomments&post=2912"}],"version-history":[{"count":11,"href":"https:\/\/normacarreno.com\/index.php?rest_route=\/wp\/v2\/pages\/2912\/revisions"}],"predecessor-version":[{"id":2933,"href":"https:\/\/normacarreno.com\/index.php?rest_route=\/wp\/v2\/pages\/2912\/revisions\/2933"}],"wp:attachment":[{"href":"https:\/\/normacarreno.com\/index.php?rest_route=%2Fwp%2Fv2%2Fmedia&parent=2912"}],"curies":[{"name":"wp","href":"https:\/\/api.w.org\/{rel}","templated":true}]}}